{"id":876,"date":"2021-05-04T11:33:40","date_gmt":"2021-05-04T11:33:40","guid":{"rendered":"https:\/\/bilangatech.com\/wine-club\/"},"modified":"2025-11-21T14:52:28","modified_gmt":"2025-11-21T14:52:28","slug":"solutions-agricoles-solaires-au-congo","status":"publish","type":"page","link":"https:\/\/bilangatech.com\/fr\/solutions-agricoles-solaires-au-congo\/","title":{"rendered":"Solutions agricoles aliment\u00e9es par l'\u00e9nergie solaire"},"content":{"rendered":"\t\t<div data-elementor-type=\"wp-page\" data-elementor-id=\"876\" class=\"elementor elementor-876\" data-elementor-post-type=\"page\">\n\t\t\t\t\t\t<section class=\"elementor-section elementor-top-section elementor-element elementor-element-e71d39e elementor-section-full_width elementor-section-height-min-height elementor-section-items-stretch elementor-section-content-middle elementor-section-height-default\" data-id=\"e71d39e\" data-element_type=\"section\" data-e-type=\"section\">\n\t\t\t\t\t\t<div class=\"elementor-container elementor-column-gap-no\">\n\t\t\t\t\t<div class=\"elementor-column elementor-col-50 elementor-top-column elementor-element elementor-element-c7e6420\" data-id=\"c7e6420\" data-element_type=\"column\" data-e-type=\"column\">\n\t\t\t<div class=\"elementor-widget-wrap elementor-element-populated\">\n\t\t\t\t\t\t<section class=\"elementor-section elementor-inner-section elementor-element elementor-element-431914c elementor-section-boxed elementor-section-height-default elementor-section-height-default\" data-id=\"431914c\" data-element_type=\"section\" data-e-type=\"section\">\n\t\t\t\t\t\t<div class=\"elementor-container elementor-column-gap-wide\">\n\t\t\t\t\t<div class=\"elementor-column elementor-col-100 elementor-inner-column elementor-element elementor-element-36ecb96\" data-id=\"36ecb96\" data-element_type=\"column\" data-e-type=\"column\">\n\t\t\t<div class=\"elementor-widget-wrap elementor-element-populated\">\n\t\t\t\t\t\t<div class=\"elementor-element elementor-element-494f324 elementor-widget elementor-widget-spacer\" data-id=\"494f324\" data-element_type=\"widget\" data-e-type=\"widget\" data-widget_type=\"spacer.default\">\n\t\t\t\t\t\t\t<div class=\"elementor-spacer\">\n\t\t\t<div class=\"elementor-spacer-inner\"><\/div>\n\t\t<\/div>\n\t\t\t\t\t\t<\/div>\n\t\t\t\t<div class=\"elementor-element elementor-element-8996c7f elementor-widget elementor-widget-heading\" data-id=\"8996c7f\" data-element_type=\"widget\" data-e-type=\"widget\" data-widget_type=\"heading.default\">\n\t\t\t\t\t<h3 class=\"elementor-heading-title elementor-size-default\">Empower your farm with clean, reliable, and cost-effective solar energy.<\/h3>\t\t\t\t<\/div>\n\t\t\t\t<div class=\"elementor-element elementor-element-85ef847 elementor-widget elementor-widget-spacer\" data-id=\"85ef847\" data-element_type=\"widget\" data-e-type=\"widget\" data-widget_type=\"spacer.default\">\n\t\t\t\t\t\t\t<div class=\"elementor-spacer\">\n\t\t\t<div class=\"elementor-spacer-inner\"><\/div>\n\t\t<\/div>\n\t\t\t\t\t\t<\/div>\n\t\t\t\t<div class=\"elementor-element elementor-element-68dce4c elementor-widget elementor-widget-text-editor\" data-id=\"68dce4c\" data-element_type=\"widget\" data-e-type=\"widget\" data-widget_type=\"text-editor.default\">\n\t\t\t\t\t\t\t\t\t<p data-start=\"134\" data-end=\"407\">Our Solar-Powered Farming Solutions are designed to help farmers reduce energy costs, improve efficiency, and embrace sustainable agriculture \u2014 even in remote areas with limited access to electricity.<\/p>\t\t\t\t\t\t\t\t<\/div>\n\t\t\t\t\t<\/div>\n\t\t<\/div>\n\t\t\t\t\t<\/div>\n\t\t<\/section>\n\t\t\t\t\t<\/div>\n\t\t<\/div>\n\t\t\t\t<div class=\"elementor-column elementor-col-50 elementor-top-column elementor-element elementor-element-522c417\" data-id=\"522c417\" data-element_type=\"column\" data-e-type=\"column\" data-settings=\"{&quot;background_background&quot;:&quot;classic&quot;}\">\n\t\t\t<div class=\"elementor-widget-wrap elementor-element-populated\">\n\t\t\t\t\t\t<div class=\"elementor-element elementor-element-02e2558 content-align-left the7-hover-visibility-disabled preserve-img-ratio-cover transform-overlay-yes exceeding-frame-yes elementor-widget elementor-widget-the7-image-widget\" data-id=\"02e2558\" data-element_type=\"widget\" data-e-type=\"widget\" data-settings=\"{&quot;hover_visibility&quot;:&quot;disabled&quot;}\" data-widget_type=\"the7-image-widget.default\">\n\t\t\t\t<div class=\"elementor-widget-container\">\n\t\t\t\t\t<div class=\"the7-image-container\"><div class=\"the7-image-wrapper the7-elementor-widget the7-transform-container\"><div class=\"post-thumbnail-rollover img-css-resize-wrapper\"><img fetchpriority=\"high\" decoding=\"async\" width=\"730\" height=\"730\" src=\"https:\/\/bilangatech.com\/wp-content\/uploads\/2025\/11\/solar-submersible-deep-well-borehole-water8343f328-7bc9-4cb9-83f9-89adc78574f8.webp\" class=\"attachment-full size-full preload-me aspect\" alt=\"\" srcset=\"https:\/\/bilangatech.com\/wp-content\/uploads\/2025\/11\/solar-submersible-deep-well-borehole-water8343f328-7bc9-4cb9-83f9-89adc78574f8.webp 730w, https:\/\/bilangatech.com\/wp-content\/uploads\/2025\/11\/solar-submersible-deep-well-borehole-water8343f328-7bc9-4cb9-83f9-89adc78574f8-300x300.webp 300w, https:\/\/bilangatech.com\/wp-content\/uploads\/2025\/11\/solar-submersible-deep-well-borehole-water8343f328-7bc9-4cb9-83f9-89adc78574f8-150x150.webp 150w, https:\/\/bilangatech.com\/wp-content\/uploads\/2025\/11\/solar-submersible-deep-well-borehole-water8343f328-7bc9-4cb9-83f9-89adc78574f8-12x12.webp 12w\" sizes=\"(max-width: 730px) 100vw, 730px\" style=\"--ratio: 730 \/ 730;\" \/><\/div><\/div><\/div>\t\t\t\t<\/div>\n\t\t\t\t<\/div>\n\t\t\t\t\t<\/div>\n\t\t<\/div>\n\t\t\t\t\t<\/div>\n\t\t<\/section>\n\t\t\t\t<section class=\"elementor-section elementor-top-section elementor-element elementor-element-3d2b744 elementor-section-full_width elementor-section-height-min-height elementor-section-items-stretch elementor-section-content-middle elementor-reverse-mobile elementor-section-height-default\" data-id=\"3d2b744\" data-element_type=\"section\" data-e-type=\"section\">\n\t\t\t\t\t\t<div class=\"elementor-container elementor-column-gap-no\">\n\t\t\t\t\t<div class=\"elementor-column elementor-col-50 elementor-top-column elementor-element elementor-element-e3b3b78\" data-id=\"e3b3b78\" data-element_type=\"column\" data-e-type=\"column\" data-settings=\"{&quot;background_background&quot;:&quot;classic&quot;}\">\n\t\t\t<div class=\"elementor-widget-wrap elementor-element-populated\">\n\t\t\t\t\t\t<div class=\"elementor-element elementor-element-4179327 content-align-left the7-hover-visibility-disabled preserve-img-ratio-cover transform-overlay-yes exceeding-frame-yes elementor-widget elementor-widget-the7-image-widget\" data-id=\"4179327\" data-element_type=\"widget\" data-e-type=\"widget\" data-settings=\"{&quot;hover_visibility&quot;:&quot;disabled&quot;}\" data-widget_type=\"the7-image-widget.default\">\n\t\t\t\t<div class=\"elementor-widget-container\">\n\t\t\t\t\t<div class=\"the7-image-container\"><div class=\"the7-image-wrapper the7-elementor-widget the7-transform-container\"><div class=\"post-thumbnail-rollover layzr-bg img-css-resize-wrapper\"><img decoding=\"async\" width=\"640\" height=\"427\" src=\"data:image\/svg+xml,%3Csvg%20xmlns%3D&#039;http%3A%2F%2Fwww.w3.org%2F2000%2Fsvg&#039;%20viewBox%3D&#039;0%200%20640%20427&#039;%2F%3E\" class=\"attachment-full size-full preload-me aspect lazy lazy-load\" alt=\"\" sizes=\"(max-width: 640px) 100vw, 640px\" style=\"--ratio: 640 \/ 427;\" data-src=\"https:\/\/bilangatech.com\/wp-content\/uploads\/2025\/11\/Solar-Irrigation-main.webp\" loading=\"eager\" data-srcset=\"https:\/\/bilangatech.com\/wp-content\/uploads\/2025\/11\/Solar-Irrigation-main.webp 640w, https:\/\/bilangatech.com\/wp-content\/uploads\/2025\/11\/Solar-Irrigation-main-300x200.webp 300w\" \/><\/div><\/div><\/div>\t\t\t\t<\/div>\n\t\t\t\t<\/div>\n\t\t\t\t\t<\/div>\n\t\t<\/div>\n\t\t\t\t<div class=\"elementor-column elementor-col-50 elementor-top-column elementor-element elementor-element-7639d97\" data-id=\"7639d97\" data-element_type=\"column\" data-e-type=\"column\">\n\t\t\t<div class=\"elementor-widget-wrap elementor-element-populated\">\n\t\t\t\t\t\t<section class=\"elementor-section elementor-inner-section elementor-element elementor-element-c695cd1 elementor-section-boxed elementor-section-height-default elementor-section-height-default\" data-id=\"c695cd1\" data-element_type=\"section\" data-e-type=\"section\">\n\t\t\t\t\t\t<div class=\"elementor-container elementor-column-gap-wide\">\n\t\t\t\t\t<div class=\"elementor-column elementor-col-100 elementor-inner-column elementor-element elementor-element-d5342ec\" data-id=\"d5342ec\" data-element_type=\"column\" data-e-type=\"column\">\n\t\t\t<div class=\"elementor-widget-wrap elementor-element-populated\">\n\t\t\t\t\t\t<div class=\"elementor-element elementor-element-ea96c5f elementor-widget elementor-widget-heading\" data-id=\"ea96c5f\" data-element_type=\"widget\" data-e-type=\"widget\" data-widget_type=\"heading.default\">\n\t\t\t\t\t<h3 class=\"elementor-heading-title elementor-size-default\">Why Go Solar?<\/h3>\t\t\t\t<\/div>\n\t\t\t\t<div class=\"elementor-element elementor-element-d9e795c elementor-widget elementor-widget-spacer\" data-id=\"d9e795c\" data-element_type=\"widget\" data-e-type=\"widget\" data-widget_type=\"spacer.default\">\n\t\t\t\t\t\t\t<div class=\"elementor-spacer\">\n\t\t\t<div class=\"elementor-spacer-inner\"><\/div>\n\t\t<\/div>\n\t\t\t\t\t\t<\/div>\n\t\t\t\t<div class=\"elementor-element elementor-element-dc60d9d elementor-widget elementor-widget-text-editor\" data-id=\"dc60d9d\" data-element_type=\"widget\" data-e-type=\"widget\" data-widget_type=\"text-editor.default\">\n\t\t\t\t\t\t\t\t\t<p data-start=\"431\" data-end=\"681\">Rising fuel prices, unreliable electricity, and the need for eco-friendly farming have made solar technology the ideal choice for modern agriculture. Our systems ensure uninterrupted farm operations while reducing your long-term operational expenses.<\/p>\t\t\t\t\t\t\t\t<\/div>\n\t\t\t\t<div class=\"elementor-element elementor-element-91b25d2 elementor-widget elementor-widget-spacer\" data-id=\"91b25d2\" data-element_type=\"widget\" data-e-type=\"widget\" data-widget_type=\"spacer.default\">\n\t\t\t\t\t\t\t<div class=\"elementor-spacer\">\n\t\t\t<div class=\"elementor-spacer-inner\"><\/div>\n\t\t<\/div>\n\t\t\t\t\t\t<\/div>\n\t\t\t\t\t<\/div>\n\t\t<\/div>\n\t\t\t\t\t<\/div>\n\t\t<\/section>\n\t\t\t\t\t<\/div>\n\t\t<\/div>\n\t\t\t\t\t<\/div>\n\t\t<\/section>\n\t\t\t\t<section class=\"elementor-section elementor-top-section elementor-element elementor-element-6916e77 elementor-section-height-min-height elementor-section-items-stretch elementor-section-boxed elementor-section-height-default\" data-id=\"6916e77\" data-element_type=\"section\" data-e-type=\"section\" data-settings=\"{&quot;background_background&quot;:&quot;classic&quot;,&quot;background_motion_fx_motion_fx_scrolling&quot;:&quot;yes&quot;,&quot;background_motion_fx_translateY_effect&quot;:&quot;yes&quot;,&quot;background_motion_fx_translateY_speed&quot;:{&quot;unit&quot;:&quot;px&quot;,&quot;size&quot;:8,&quot;sizes&quot;:[]},&quot;background_motion_fx_translateY_affectedRange&quot;:{&quot;unit&quot;:&quot;%&quot;,&quot;size&quot;:&quot;&quot;,&quot;sizes&quot;:{&quot;start&quot;:0,&quot;end&quot;:100}},&quot;background_motion_fx_devices&quot;:[&quot;desktop&quot;,&quot;tablet&quot;,&quot;mobile&quot;]}\">\n\t\t\t\t\t\t\t<div class=\"elementor-background-overlay\"><\/div>\n\t\t\t\t\t\t\t<div class=\"elementor-container elementor-column-gap-wide\">\n\t\t\t\t\t<div class=\"elementor-column elementor-col-100 elementor-top-column elementor-element elementor-element-f5bb39c\" data-id=\"f5bb39c\" data-element_type=\"column\" data-e-type=\"column\">\n\t\t\t<div class=\"elementor-widget-wrap elementor-element-populated\">\n\t\t\t\t\t\t<div class=\"elementor-element elementor-element-26b4057 elementor-widget elementor-widget-heading\" data-id=\"26b4057\" data-element_type=\"widget\" data-e-type=\"widget\" data-widget_type=\"heading.default\">\n\t\t\t\t\t<h2 class=\"elementor-heading-title elementor-size-default\">Let\u2019s Power Your Farm With the Sun<\/h2>\t\t\t\t<\/div>\n\t\t\t\t<div class=\"elementor-element elementor-element-113d958 elementor-widget elementor-widget-spacer\" data-id=\"113d958\" data-element_type=\"widget\" data-e-type=\"widget\" data-widget_type=\"spacer.default\">\n\t\t\t\t\t\t\t<div class=\"elementor-spacer\">\n\t\t\t<div class=\"elementor-spacer-inner\"><\/div>\n\t\t<\/div>\n\t\t\t\t\t\t<\/div>\n\t\t\t\t<div class=\"elementor-element elementor-element-622ea0a elementor-widget elementor-widget-text-editor\" data-id=\"622ea0a\" data-element_type=\"widget\" data-e-type=\"widget\" data-widget_type=\"text-editor.default\">\n\t\t\t\t\t\t\t\t\t<p data-start=\"3046\" data-end=\"3199\">Whether you are upgrading your irrigation, powering your home, or automating your farm tools, we provide complete solar solutions built for Congo farms.<\/p>\t\t\t\t\t\t\t\t<\/div>\n\t\t\t\t<div class=\"elementor-element elementor-element-7387dc0 elementor-widget elementor-widget-spacer\" data-id=\"7387dc0\" data-element_type=\"widget\" data-e-type=\"widget\" data-widget_type=\"spacer.default\">\n\t\t\t\t\t\t\t<div class=\"elementor-spacer\">\n\t\t\t<div class=\"elementor-spacer-inner\"><\/div>\n\t\t<\/div>\n\t\t\t\t\t\t<\/div>\n\t\t\t\t<div class=\"elementor-element elementor-element-bd9b1ee elementor-align-center elementor-widget elementor-widget-the7_button_widget\" data-id=\"bd9b1ee\" data-element_type=\"widget\" data-e-type=\"widget\" data-widget_type=\"the7_button_widget.default\">\n\t\t\t\t<div class=\"elementor-widget-container\">\n\t\t\t\t\t<div class=\"elementor-button-wrapper\"><a href=\"\/contact\/\" class=\"box-button elementor-button elementor-size-lg\">Contact us<\/a><\/div>\t\t\t\t<\/div>\n\t\t\t\t<\/div>\n\t\t\t\t\t<\/div>\n\t\t<\/div>\n\t\t\t\t\t<\/div>\n\t\t<\/section>\n\t\t\t\t<\/div>\n\t\t","protected":false},"excerpt":{"rendered":"<p>Nous int\u00e9grons l&#039;\u00e9nergie solaire dans les op\u00e9rations agricoles pour alimenter les pompes d&#039;irrigation, l&#039;\u00e9clairage et le petit mat\u00e9riel, aidant ainsi les agriculteurs \u00e0 r\u00e9duire leurs co\u00fbts et \u00e0 gagner en ind\u00e9pendance \u00e9nerg\u00e9tique.<\/p>","protected":false},"author":1,"featured_media":4473,"parent":0,"menu_order":50,"comment_status":"closed","ping_status":"closed","template":"","meta":{"footnotes":""},"class_list":["post-876","page","type-page","status-publish","has-post-thumbnail","hentry"],"yoast_head":"<!-- This site is optimized with the Yoast SEO plugin v27.4 - https:\/\/yoast.com\/product\/yoast-seo-wordpress\/ -->\n<title>Solar-Powered Farming Solutions - BilangaTech Cd - farming solutions in Congo,<\/title>\n<meta name=\"description\" content=\"Solar-powered farming solutions in Congo, including pumps, lighting, and off-grid energy systems. Reliable solar power for modern agricultural production.\" \/>\n<meta name=\"robots\" content=\"index, follow, max-snippet:-1, max-image-preview:large, max-video-preview:-1\" \/>\n<link rel=\"canonical\" href=\"https:\/\/bilangatech.com\/fr\/solutions-agricoles-solaires-au-congo\/\" \/>\n<meta property=\"og:locale\" content=\"fr_FR\" \/>\n<meta property=\"og:type\" content=\"article\" \/>\n<meta property=\"og:title\" content=\"Solar-Powered Farming Solutions - BilangaTech Cd - farming solutions in Congo,\" \/>\n<meta property=\"og:description\" content=\"Solar-powered farming solutions in Congo, including pumps, lighting, and off-grid energy systems. Reliable solar power for modern agricultural production.\" \/>\n<meta property=\"og:url\" content=\"https:\/\/bilangatech.com\/fr\/solutions-agricoles-solaires-au-congo\/\" \/>\n<meta property=\"og:site_name\" content=\"BilangaTech Cd\" \/>\n<meta property=\"article:modified_time\" content=\"2025-11-21T14:52:28+00:00\" \/>\n<meta property=\"og:image\" content=\"https:\/\/bilangatech.com\/wp-content\/uploads\/2025\/11\/farm-with-solar-powered-water-pump-scaled-1.webp\" \/>\n\t<meta property=\"og:image:width\" content=\"2560\" \/>\n\t<meta property=\"og:image:height\" content=\"1435\" \/>\n\t<meta property=\"og:image:type\" content=\"image\/webp\" \/>\n<meta name=\"twitter:card\" content=\"summary_large_image\" \/>\n<meta name=\"twitter:label1\" content=\"Dur\u00e9e de lecture estim\u00e9e\" \/>\n\t<meta name=\"twitter:data1\" content=\"1 minute\" \/>\n<script type=\"application\/ld+json\" class=\"yoast-schema-graph\">{\"@context\":\"https:\\\/\\\/schema.org\",\"@graph\":[{\"@type\":\"WebPage\",\"@id\":\"https:\\\/\\\/bilangatech.com\\\/solar-powered-farming-solutions-in-congo\\\/\",\"url\":\"https:\\\/\\\/bilangatech.com\\\/solar-powered-farming-solutions-in-congo\\\/\",\"name\":\"Solar-Powered Farming Solutions - BilangaTech Cd - farming solutions in Congo,\",\"isPartOf\":{\"@id\":\"https:\\\/\\\/bilangatech.com\\\/#website\"},\"primaryImageOfPage\":{\"@id\":\"https:\\\/\\\/bilangatech.com\\\/solar-powered-farming-solutions-in-congo\\\/#primaryimage\"},\"image\":{\"@id\":\"https:\\\/\\\/bilangatech.com\\\/solar-powered-farming-solutions-in-congo\\\/#primaryimage\"},\"thumbnailUrl\":\"https:\\\/\\\/bilangatech.com\\\/wp-content\\\/uploads\\\/2025\\\/11\\\/farm-with-solar-powered-water-pump-scaled-1.webp\",\"datePublished\":\"2021-05-04T11:33:40+00:00\",\"dateModified\":\"2025-11-21T14:52:28+00:00\",\"description\":\"Solar-powered farming solutions in Congo, including pumps, lighting, and off-grid energy systems. Reliable solar power for modern agricultural production.\",\"breadcrumb\":{\"@id\":\"https:\\\/\\\/bilangatech.com\\\/solar-powered-farming-solutions-in-congo\\\/#breadcrumb\"},\"inLanguage\":\"fr-FR\",\"potentialAction\":[{\"@type\":\"ReadAction\",\"target\":[\"https:\\\/\\\/bilangatech.com\\\/solar-powered-farming-solutions-in-congo\\\/\"]}]},{\"@type\":\"ImageObject\",\"inLanguage\":\"fr-FR\",\"@id\":\"https:\\\/\\\/bilangatech.com\\\/solar-powered-farming-solutions-in-congo\\\/#primaryimage\",\"url\":\"https:\\\/\\\/bilangatech.com\\\/wp-content\\\/uploads\\\/2025\\\/11\\\/farm-with-solar-powered-water-pump-scaled-1.webp\",\"contentUrl\":\"https:\\\/\\\/bilangatech.com\\\/wp-content\\\/uploads\\\/2025\\\/11\\\/farm-with-solar-powered-water-pump-scaled-1.webp\",\"width\":2560,\"height\":1435},{\"@type\":\"BreadcrumbList\",\"@id\":\"https:\\\/\\\/bilangatech.com\\\/solar-powered-farming-solutions-in-congo\\\/#breadcrumb\",\"itemListElement\":[{\"@type\":\"ListItem\",\"position\":1,\"name\":\"Home\",\"item\":\"https:\\\/\\\/bilangatech.com\\\/\"},{\"@type\":\"ListItem\",\"position\":2,\"name\":\"Solar-Powered Farming Solutions\"}]},{\"@type\":\"WebSite\",\"@id\":\"https:\\\/\\\/bilangatech.com\\\/#website\",\"url\":\"https:\\\/\\\/bilangatech.com\\\/\",\"name\":\"BilangaTech Cd\",\"description\":\"Helping Farmers Do More With Less\",\"publisher\":{\"@id\":\"https:\\\/\\\/bilangatech.com\\\/#organization\"},\"alternateName\":\"Bilanga\",\"potentialAction\":[{\"@type\":\"SearchAction\",\"target\":{\"@type\":\"EntryPoint\",\"urlTemplate\":\"https:\\\/\\\/bilangatech.com\\\/?s={search_term_string}\"},\"query-input\":{\"@type\":\"PropertyValueSpecification\",\"valueRequired\":true,\"valueName\":\"search_term_string\"}}],\"inLanguage\":\"fr-FR\"},{\"@type\":\"Organization\",\"@id\":\"https:\\\/\\\/bilangatech.com\\\/#organization\",\"name\":\"BilangaTech Cd\",\"alternateName\":\"Bilanga Tech\",\"url\":\"https:\\\/\\\/bilangatech.com\\\/\",\"logo\":{\"@type\":\"ImageObject\",\"inLanguage\":\"fr-FR\",\"@id\":\"https:\\\/\\\/bilangatech.com\\\/#\\\/schema\\\/logo\\\/image\\\/\",\"url\":\"https:\\\/\\\/bilangatech.com\\\/wp-content\\\/uploads\\\/2025\\\/11\\\/2-BilangaTech-08-08.svg\",\"contentUrl\":\"https:\\\/\\\/bilangatech.com\\\/wp-content\\\/uploads\\\/2025\\\/11\\\/2-BilangaTech-08-08.svg\",\"width\":958,\"height\":242,\"caption\":\"BilangaTech Cd\"},\"image\":{\"@id\":\"https:\\\/\\\/bilangatech.com\\\/#\\\/schema\\\/logo\\\/image\\\/\"}}]}<\/script>\n<!-- \/ Yoast SEO plugin. -->","yoast_head_json":{"title":"Solutions agricoles \u00e0 \u00e9nergie solaire - BilangaTech Cd - solutions agricoles au Congo,","description":"Solutions agricoles solaires au Congo, incluant pompes, \u00e9clairage et syst\u00e8mes \u00e9nerg\u00e9tiques autonomes. Une \u00e9nergie solaire fiable pour une production agricole moderne.","robots":{"index":"index","follow":"follow","max-snippet":"max-snippet:-1","max-image-preview":"max-image-preview:large","max-video-preview":"max-video-preview:-1"},"canonical":"https:\/\/bilangatech.com\/fr\/solutions-agricoles-solaires-au-congo\/","og_locale":"fr_FR","og_type":"article","og_title":"Solar-Powered Farming Solutions - BilangaTech Cd - farming solutions in Congo,","og_description":"Solar-powered farming solutions in Congo, including pumps, lighting, and off-grid energy systems. Reliable solar power for modern agricultural production.","og_url":"https:\/\/bilangatech.com\/fr\/solutions-agricoles-solaires-au-congo\/","og_site_name":"BilangaTech Cd","article_modified_time":"2025-11-21T14:52:28+00:00","og_image":[{"width":2560,"height":1435,"url":"https:\/\/bilangatech.com\/wp-content\/uploads\/2025\/11\/farm-with-solar-powered-water-pump-scaled-1.webp","type":"image\/webp"}],"twitter_card":"summary_large_image","twitter_misc":{"Dur\u00e9e de lecture estim\u00e9e":"1 minute"},"schema":{"@context":"https:\/\/schema.org","@graph":[{"@type":"WebPage","@id":"https:\/\/bilangatech.com\/solar-powered-farming-solutions-in-congo\/","url":"https:\/\/bilangatech.com\/solar-powered-farming-solutions-in-congo\/","name":"Solutions agricoles \u00e0 \u00e9nergie solaire - BilangaTech Cd - solutions agricoles au Congo,","isPartOf":{"@id":"https:\/\/bilangatech.com\/#website"},"primaryImageOfPage":{"@id":"https:\/\/bilangatech.com\/solar-powered-farming-solutions-in-congo\/#primaryimage"},"image":{"@id":"https:\/\/bilangatech.com\/solar-powered-farming-solutions-in-congo\/#primaryimage"},"thumbnailUrl":"https:\/\/bilangatech.com\/wp-content\/uploads\/2025\/11\/farm-with-solar-powered-water-pump-scaled-1.webp","datePublished":"2021-05-04T11:33:40+00:00","dateModified":"2025-11-21T14:52:28+00:00","description":"Solutions agricoles solaires au Congo, incluant pompes, \u00e9clairage et syst\u00e8mes \u00e9nerg\u00e9tiques autonomes. Une \u00e9nergie solaire fiable pour une production agricole moderne.","breadcrumb":{"@id":"https:\/\/bilangatech.com\/solar-powered-farming-solutions-in-congo\/#breadcrumb"},"inLanguage":"fr-FR","potentialAction":[{"@type":"ReadAction","target":["https:\/\/bilangatech.com\/solar-powered-farming-solutions-in-congo\/"]}]},{"@type":"ImageObject","inLanguage":"fr-FR","@id":"https:\/\/bilangatech.com\/solar-powered-farming-solutions-in-congo\/#primaryimage","url":"https:\/\/bilangatech.com\/wp-content\/uploads\/2025\/11\/farm-with-solar-powered-water-pump-scaled-1.webp","contentUrl":"https:\/\/bilangatech.com\/wp-content\/uploads\/2025\/11\/farm-with-solar-powered-water-pump-scaled-1.webp","width":2560,"height":1435},{"@type":"BreadcrumbList","@id":"https:\/\/bilangatech.com\/solar-powered-farming-solutions-in-congo\/#breadcrumb","itemListElement":[{"@type":"ListItem","position":1,"name":"Home","item":"https:\/\/bilangatech.com\/"},{"@type":"ListItem","position":2,"name":"Solar-Powered Farming Solutions"}]},{"@type":"WebSite","@id":"https:\/\/bilangatech.com\/#website","url":"https:\/\/bilangatech.com\/","name":"BilangaTech Cd","description":"Aider les agriculteurs \u00e0 faire plus avec moins","publisher":{"@id":"https:\/\/bilangatech.com\/#organization"},"alternateName":"Bilanga","potentialAction":[{"@type":"SearchAction","target":{"@type":"EntryPoint","urlTemplate":"https:\/\/bilangatech.com\/?s={search_term_string}"},"query-input":{"@type":"PropertyValueSpecification","valueRequired":true,"valueName":"search_term_string"}}],"inLanguage":"fr-FR"},{"@type":"Organization","@id":"https:\/\/bilangatech.com\/#organization","name":"BilangaTech Cd","alternateName":"Bilanga Tech","url":"https:\/\/bilangatech.com\/","logo":{"@type":"ImageObject","inLanguage":"fr-FR","@id":"https:\/\/bilangatech.com\/#\/schema\/logo\/image\/","url":"https:\/\/bilangatech.com\/wp-content\/uploads\/2025\/11\/2-BilangaTech-08-08.svg","contentUrl":"https:\/\/bilangatech.com\/wp-content\/uploads\/2025\/11\/2-BilangaTech-08-08.svg","width":958,"height":242,"caption":"BilangaTech Cd"},"image":{"@id":"https:\/\/bilangatech.com\/#\/schema\/logo\/image\/"}}]}},"_hostinger_reach_plugin_has_subscription_block":false,"_hostinger_reach_plugin_is_elementor":false,"_links":{"self":[{"href":"https:\/\/bilangatech.com\/fr\/wp-json\/wp\/v2\/pages\/876","targetHints":{"allow":["GET"]}}],"collection":[{"href":"https:\/\/bilangatech.com\/fr\/wp-json\/wp\/v2\/pages"}],"about":[{"href":"https:\/\/bilangatech.com\/fr\/wp-json\/wp\/v2\/types\/page"}],"author":[{"embeddable":true,"href":"https:\/\/bilangatech.com\/fr\/wp-json\/wp\/v2\/users\/1"}],"replies":[{"embeddable":true,"href":"https:\/\/bilangatech.com\/fr\/wp-json\/wp\/v2\/comments?post=876"}],"version-history":[{"count":16,"href":"https:\/\/bilangatech.com\/fr\/wp-json\/wp\/v2\/pages\/876\/revisions"}],"predecessor-version":[{"id":5072,"href":"https:\/\/bilangatech.com\/fr\/wp-json\/wp\/v2\/pages\/876\/revisions\/5072"}],"wp:featuredmedia":[{"embeddable":true,"href":"https:\/\/bilangatech.com\/fr\/wp-json\/wp\/v2\/media\/4473"}],"wp:attachment":[{"href":"https:\/\/bilangatech.com\/fr\/wp-json\/wp\/v2\/media?parent=876"}],"curies":[{"name":"wp","href":"https:\/\/api.w.org\/{rel}","templated":true}]}}