{"id":4978,"date":"2025-11-18T21:14:03","date_gmt":"2025-11-18T21:14:03","guid":{"rendered":"https:\/\/bilangatech.com\/?page_id=4978"},"modified":"2025-12-04T09:08:39","modified_gmt":"2025-12-04T09:08:39","slug":"nos-produits","status":"publish","type":"page","link":"https:\/\/bilangatech.com\/fr\/nos-produits\/","title":{"rendered":"Nos produits"},"content":{"rendered":"\t\t<div data-elementor-type=\"wp-page\" data-elementor-id=\"4978\" class=\"elementor elementor-4978\" data-elementor-post-type=\"page\">\n\t\t\t\t\t\t<section class=\"elementor-section elementor-top-section elementor-element elementor-element-9d9afa2 elementor-section-height-min-height elementor-section-items-stretch elementor-section-boxed elementor-section-height-default\" data-id=\"9d9afa2\" data-element_type=\"section\" data-e-type=\"section\" data-settings=\"{&quot;background_background&quot;:&quot;classic&quot;}\">\n\t\t\t\t\t\t<div class=\"elementor-container elementor-column-gap-wide\">\n\t\t\t\t\t<div class=\"elementor-column elementor-col-50 elementor-top-column elementor-element elementor-element-dba9c0f\" data-id=\"dba9c0f\" data-element_type=\"column\" data-e-type=\"column\" data-settings=\"{&quot;background_background&quot;:&quot;classic&quot;,&quot;background_motion_fx_motion_fx_scrolling&quot;:&quot;yes&quot;,&quot;background_motion_fx_scale_effect&quot;:&quot;yes&quot;,&quot;background_motion_fx_scale_direction&quot;:&quot;in-out&quot;,&quot;background_motion_fx_scale_range&quot;:{&quot;unit&quot;:&quot;%&quot;,&quot;size&quot;:&quot;&quot;,&quot;sizes&quot;:{&quot;start&quot;:0,&quot;end&quot;:100}},&quot;motion_fx_motion_fx_scrolling&quot;:&quot;yes&quot;,&quot;background_motion_fx_scale_speed&quot;:{&quot;unit&quot;:&quot;px&quot;,&quot;size&quot;:3,&quot;sizes&quot;:[]},&quot;background_motion_fx_devices&quot;:[&quot;desktop&quot;,&quot;tablet&quot;,&quot;mobile&quot;],&quot;motion_fx_devices&quot;:[&quot;desktop&quot;,&quot;tablet&quot;,&quot;mobile&quot;]}\">\n\t\t\t<div class=\"elementor-widget-wrap elementor-element-populated\">\n\t\t\t\t\t\t<div class=\"elementor-element elementor-element-5116882 elementor-cta--skin-cover elementor-widget elementor-widget-call-to-action\" data-id=\"5116882\" data-element_type=\"widget\" data-e-type=\"widget\" data-widget_type=\"call-to-action.default\">\n\t\t\t\t\t\t\t<a class=\"elementor-cta\" href=\"\/greenhouse-kits\/\">\n\t\t\t\t\t<div class=\"elementor-cta__bg-wrapper\">\n\t\t\t\t<div class=\"elementor-cta__bg elementor-bg\" style=\"background-image: url(https:\/\/bilangatech.com\/wp-content\/uploads\/2025\/11\/products-green-houses.webp);\" role=\"img\" aria-label=\"products-green-houses\"><\/div>\n\t\t\t\t<div class=\"elementor-cta__bg-overlay\"><\/div>\n\t\t\t<\/div>\n\t\t\t\t\t\t\t<div class=\"elementor-cta__content\">\n\t\t\t\t\n\t\t\t\t\t\t\t\t\t<h2 class=\"elementor-cta__title elementor-cta__content-item elementor-content-item\">\n\t\t\t\t\t\tGreenhouse Kits \t\t\t\t\t<\/h2>\n\t\t\t\t\n\t\t\t\t\t\t\t\t\t<div class=\"elementor-cta__description elementor-cta__content-item elementor-content-item\">\n\t\t\t\t\t\tWe help farmers to protect their crops from climatic stress, pests and unpredictable rainfall while improving growth conditions.\t\t\t\t\t<\/div>\n\t\t\t\t\n\t\t\t\t\t\t\t\t\t<div class=\"elementor-cta__button-wrapper elementor-cta__content-item elementor-content-item \">\n\t\t\t\t\t<span class=\"elementor-cta__button elementor-button elementor-size-\">\n\t\t\t\t\t\tLearn More\t\t\t\t\t<\/span>\n\t\t\t\t\t<\/div>\n\t\t\t\t\t\t\t<\/div>\n\t\t\t\t\t\t<\/a>\n\t\t\t\t\t\t<\/div>\n\t\t\t\t\t<\/div>\n\t\t<\/div>\n\t\t\t\t<div class=\"elementor-column elementor-col-50 elementor-top-column elementor-element elementor-element-407aa59\" data-id=\"407aa59\" data-element_type=\"column\" data-e-type=\"column\" data-settings=\"{&quot;background_background&quot;:&quot;classic&quot;,&quot;background_motion_fx_motion_fx_scrolling&quot;:&quot;yes&quot;,&quot;background_motion_fx_translateX_effect&quot;:&quot;yes&quot;,&quot;background_motion_fx_translateX_speed&quot;:{&quot;unit&quot;:&quot;px&quot;,&quot;size&quot;:3,&quot;sizes&quot;:[]},&quot;background_motion_fx_translateX_affectedRange&quot;:{&quot;unit&quot;:&quot;%&quot;,&quot;size&quot;:&quot;&quot;,&quot;sizes&quot;:{&quot;start&quot;:0,&quot;end&quot;:100}},&quot;background_motion_fx_devices&quot;:[&quot;desktop&quot;,&quot;tablet&quot;,&quot;mobile&quot;]}\">\n\t\t\t<div class=\"elementor-widget-wrap elementor-element-populated\">\n\t\t\t\t\t\t<div class=\"elementor-element elementor-element-905bcf0 elementor-cta--skin-cover elementor-widget elementor-widget-call-to-action\" data-id=\"905bcf0\" data-element_type=\"widget\" data-e-type=\"widget\" data-widget_type=\"call-to-action.default\">\n\t\t\t\t\t\t\t<a class=\"elementor-cta\" href=\"\/solar-water-pump-systems\/\">\n\t\t\t\t\t<div class=\"elementor-cta__bg-wrapper\">\n\t\t\t\t<div class=\"elementor-cta__bg elementor-bg\" style=\"background-image: url(https:\/\/bilangatech.com\/wp-content\/uploads\/2025\/11\/Solar-Irrigation-main.webp);\" role=\"img\" aria-label=\"Solar-Irrigation-main\"><\/div>\n\t\t\t\t<div class=\"elementor-cta__bg-overlay\"><\/div>\n\t\t\t<\/div>\n\t\t\t\t\t\t\t<div class=\"elementor-cta__content\">\n\t\t\t\t\n\t\t\t\t\t\t\t\t\t<h2 class=\"elementor-cta__title elementor-cta__content-item elementor-content-item\">\n\t\t\t\t\t\tSolar-Powered Farming Solutions\t\t\t\t\t<\/h2>\n\t\t\t\t\n\t\t\t\t\t\t\t\t\t<div class=\"elementor-cta__description elementor-cta__content-item elementor-content-item\">\n\t\t\t\t\t\t\nWe integrate solar energy to power pumps, lighting and small processing equipment.\t\t\t\t\t<\/div>\n\t\t\t\t\n\t\t\t\t\t\t\t\t\t<div class=\"elementor-cta__button-wrapper elementor-cta__content-item elementor-content-item \">\n\t\t\t\t\t<span class=\"elementor-cta__button elementor-button elementor-size-\">\n\t\t\t\t\t\tLearn More\t\t\t\t\t<\/span>\n\t\t\t\t\t<\/div>\n\t\t\t\t\t\t\t<\/div>\n\t\t\t\t\t\t<\/a>\n\t\t\t\t\t\t<\/div>\n\t\t\t\t\t<\/div>\n\t\t<\/div>\n\t\t\t\t\t<\/div>\n\t\t<\/section>\n\t\t\t\t<section class=\"elementor-section elementor-top-section elementor-element elementor-element-4dafa3d elementor-section-height-min-height elementor-section-items-stretch elementor-section-content-middle elementor-section-boxed elementor-section-height-default\" data-id=\"4dafa3d\" data-element_type=\"section\" data-e-type=\"section\" data-settings=\"{&quot;background_background&quot;:&quot;classic&quot;}\">\n\t\t\t\t\t\t<div class=\"elementor-container elementor-column-gap-wide\">\n\t\t\t\t\t<div class=\"elementor-column elementor-col-33 elementor-top-column elementor-element elementor-element-5cd77b7\" data-id=\"5cd77b7\" data-element_type=\"column\" data-e-type=\"column\">\n\t\t\t<div class=\"elementor-widget-wrap elementor-element-populated\">\n\t\t\t\t\t\t<div class=\"elementor-element elementor-element-b872975 elementor-cta--skin-cover elementor-cta--valign-bottom elementor-widget elementor-widget-call-to-action\" data-id=\"b872975\" data-element_type=\"widget\" data-e-type=\"widget\" data-widget_type=\"call-to-action.default\">\n\t\t\t\t\t\t\t<a class=\"elementor-cta\" href=\"\/drip-irrigation-kits-in-congo\/\">\n\t\t\t\t\t<div class=\"elementor-cta__bg-wrapper\">\n\t\t\t\t<div class=\"elementor-cta__bg elementor-bg\" style=\"background-image: url(https:\/\/bilangatech.com\/wp-content\/uploads\/2025\/11\/dripkits-1.webp);\" role=\"img\" aria-label=\"dripkits (1)\"><\/div>\n\t\t\t\t<div class=\"elementor-cta__bg-overlay\"><\/div>\n\t\t\t<\/div>\n\t\t\t\t\t\t\t<div class=\"elementor-cta__content\">\n\t\t\t\t\n\t\t\t\t\t\t\t\t\t<h2 class=\"elementor-cta__title elementor-cta__content-item elementor-content-item\">\n\t\t\t\t\t\tDrip Irrigation Kits\t\t\t\t\t<\/h2>\n\t\t\t\t\n\t\t\t\t\t\t\t\t\t<div class=\"elementor-cta__description elementor-cta__content-item elementor-content-item\">\n\t\t\t\t\t\tPipes, connectors, drippers and filters for optimized water flow.\t\t\t\t\t<\/div>\n\t\t\t\t\n\t\t\t\t\t\t\t\t\t<div class=\"elementor-cta__button-wrapper elementor-cta__content-item elementor-content-item \">\n\t\t\t\t\t<span class=\"elementor-cta__button elementor-button elementor-size-\">\n\t\t\t\t\t\tLearn More\t\t\t\t\t<\/span>\n\t\t\t\t\t<\/div>\n\t\t\t\t\t\t\t<\/div>\n\t\t\t\t\t\t<\/a>\n\t\t\t\t\t\t<\/div>\n\t\t\t\t\t<\/div>\n\t\t<\/div>\n\t\t\t\t<div class=\"elementor-column elementor-col-33 elementor-top-column elementor-element elementor-element-15acd7e\" data-id=\"15acd7e\" data-element_type=\"column\" data-e-type=\"column\">\n\t\t\t<div class=\"elementor-widget-wrap elementor-element-populated\">\n\t\t\t\t\t\t<div class=\"elementor-element elementor-element-c03654d elementor-cta--skin-cover elementor-cta--valign-bottom anchor-link elementor-widget elementor-widget-call-to-action\" data-id=\"c03654d\" data-element_type=\"widget\" data-e-type=\"widget\" data-widget_type=\"call-to-action.default\">\n\t\t\t\t\t\t\t<a class=\"elementor-cta\" href=\"\/sprinkler-irrigation-systems-in-congo\/\">\n\t\t\t\t\t<div class=\"elementor-cta__bg-wrapper\">\n\t\t\t\t<div class=\"elementor-cta__bg elementor-bg\" style=\"background-image: url(https:\/\/bilangatech.com\/wp-content\/uploads\/2025\/11\/sprinklers.webp);\" role=\"img\" aria-label=\"sprinklers\"><\/div>\n\t\t\t\t<div class=\"elementor-cta__bg-overlay\"><\/div>\n\t\t\t<\/div>\n\t\t\t\t\t\t\t<div class=\"elementor-cta__content\">\n\t\t\t\t\n\t\t\t\t\t\t\t\t\t<h2 class=\"elementor-cta__title elementor-cta__content-item elementor-content-item\">\n\t\t\t\t\t\tSprinkler Systems\t\t\t\t\t<\/h2>\n\t\t\t\t\n\t\t\t\t\t\t\t\t\t<div class=\"elementor-cta__description elementor-cta__content-item elementor-content-item\">\n\t\t\t\t\t\tMulti-nozzle systems for wide-area water distribution.\t\t\t\t\t<\/div>\n\t\t\t\t\n\t\t\t\t\t\t\t\t\t<div class=\"elementor-cta__button-wrapper elementor-cta__content-item elementor-content-item \">\n\t\t\t\t\t<span class=\"elementor-cta__button elementor-button elementor-size-\">\n\t\t\t\t\t\tLearn More\t\t\t\t\t<\/span>\n\t\t\t\t\t<\/div>\n\t\t\t\t\t\t\t<\/div>\n\t\t\t\t\t\t<\/a>\n\t\t\t\t\t\t<\/div>\n\t\t\t\t\t<\/div>\n\t\t<\/div>\n\t\t\t\t<div class=\"elementor-column elementor-col-33 elementor-top-column elementor-element elementor-element-70a8994\" data-id=\"70a8994\" data-element_type=\"column\" data-e-type=\"column\">\n\t\t\t<div class=\"elementor-widget-wrap elementor-element-populated\">\n\t\t\t\t\t\t<div class=\"elementor-element elementor-element-9872445 elementor-cta--skin-cover elementor-cta--valign-bottom anchor-link elementor-widget elementor-widget-call-to-action\" data-id=\"9872445\" data-element_type=\"widget\" data-e-type=\"widget\" data-widget_type=\"call-to-action.default\">\n\t\t\t\t\t\t\t<a class=\"elementor-cta\" href=\"\/seedlings-nursery-support\/\">\n\t\t\t\t\t<div class=\"elementor-cta__bg-wrapper\">\n\t\t\t\t<div class=\"elementor-cta__bg elementor-bg\" style=\"background-image: url(https:\/\/bilangatech.com\/wp-content\/uploads\/2025\/11\/ef9d320d44.webp);\" role=\"img\" aria-label=\"ef9d320d44\"><\/div>\n\t\t\t\t<div class=\"elementor-cta__bg-overlay\"><\/div>\n\t\t\t<\/div>\n\t\t\t\t\t\t\t<div class=\"elementor-cta__content\">\n\t\t\t\t\n\t\t\t\t\t\t\t\t\t<h2 class=\"elementor-cta__title elementor-cta__content-item elementor-content-item\">\n\t\t\t\t\t\tSeedlings &amp; Nursery\t\t\t\t\t<\/h2>\n\t\t\t\t\n\t\t\t\t\t\t\t\t\t<div class=\"elementor-cta__description elementor-cta__content-item elementor-content-item\">\n\t\t\t\t\t\tHigh-quality fruit and vegetable seedlings for strong growth.\t\t\t\t\t<\/div>\n\t\t\t\t\n\t\t\t\t\t\t\t\t\t<div class=\"elementor-cta__button-wrapper elementor-cta__content-item elementor-content-item \">\n\t\t\t\t\t<span class=\"elementor-cta__button elementor-button elementor-size-\">\n\t\t\t\t\t\tLearn More\t\t\t\t\t<\/span>\n\t\t\t\t\t<\/div>\n\t\t\t\t\t\t\t<\/div>\n\t\t\t\t\t\t<\/a>\n\t\t\t\t\t\t<\/div>\n\t\t\t\t\t<\/div>\n\t\t<\/div>\n\t\t\t\t\t<\/div>\n\t\t<\/section>\n\t\t\t\t<\/div>\n\t\t","protected":false},"excerpt":{"rendered":"<p>D\u00e9couvrez la gamme de produits agritech de BilangaTech\u00a0: kits de serres, syst\u00e8mes d\u2019irrigation goutte \u00e0 goutte, pompes solaires, plants de qualit\u00e9 sup\u00e9rieure et solutions d\u2019arrosage performantes. Nos produits sont con\u00e7us pour optimiser les rendements, r\u00e9duire les co\u00fbts et favoriser une agriculture moderne et efficace au Congo.<\/p>","protected":false},"author":1,"featured_media":4979,"parent":0,"menu_order":0,"comment_status":"closed","ping_status":"closed","template":"","meta":{"footnotes":""},"class_list":["post-4978","page","type-page","status-publish","has-post-thumbnail","hentry"],"yoast_head":"<!-- This site is optimized with the Yoast SEO plugin v27.4 - https:\/\/yoast.com\/product\/yoast-seo-wordpress\/ -->\n<title>Our Products - BilangaTech Cd<\/title>\n<meta name=\"robots\" content=\"index, follow, max-snippet:-1, max-image-preview:large, max-video-preview:-1\" \/>\n<link rel=\"canonical\" href=\"https:\/\/bilangatech.com\/fr\/nos-produits\/\" \/>\n<meta property=\"og:locale\" content=\"fr_FR\" \/>\n<meta property=\"og:type\" content=\"article\" \/>\n<meta property=\"og:title\" content=\"Our Products - BilangaTech Cd\" \/>\n<meta property=\"og:description\" content=\"Explore BilangaTech\u2019s range of agritech products, from greenhouse kits and drip irrigation systems to solar water pumps, premium seedlings, and advanced sprinkler solutions. Our products are designed to boost yields, reduce costs, and support efficient, modern farming across Congo.\" \/>\n<meta property=\"og:url\" content=\"https:\/\/bilangatech.com\/fr\/nos-produits\/\" \/>\n<meta property=\"og:site_name\" content=\"BilangaTech Cd\" \/>\n<meta property=\"article:modified_time\" content=\"2025-12-04T09:08:39+00:00\" \/>\n<meta property=\"og:image\" content=\"https:\/\/bilangatech.com\/wp-content\/uploads\/2025\/11\/african-man-harvesting-vegetables-1-scaled.webp\" \/>\n\t<meta property=\"og:image:width\" content=\"2560\" \/>\n\t<meta property=\"og:image:height\" content=\"1435\" \/>\n\t<meta property=\"og:image:type\" content=\"image\/webp\" \/>\n<meta name=\"twitter:card\" content=\"summary_large_image\" \/>\n<meta name=\"twitter:label1\" content=\"Dur\u00e9e de lecture estim\u00e9e\" \/>\n\t<meta name=\"twitter:data1\" content=\"1 minute\" \/>\n<script type=\"application\/ld+json\" class=\"yoast-schema-graph\">{\"@context\":\"https:\\\/\\\/schema.org\",\"@graph\":[{\"@type\":\"WebPage\",\"@id\":\"https:\\\/\\\/bilangatech.com\\\/our-products\\\/\",\"url\":\"https:\\\/\\\/bilangatech.com\\\/our-products\\\/\",\"name\":\"Our Products - BilangaTech Cd\",\"isPartOf\":{\"@id\":\"https:\\\/\\\/bilangatech.com\\\/#website\"},\"primaryImageOfPage\":{\"@id\":\"https:\\\/\\\/bilangatech.com\\\/our-products\\\/#primaryimage\"},\"image\":{\"@id\":\"https:\\\/\\\/bilangatech.com\\\/our-products\\\/#primaryimage\"},\"thumbnailUrl\":\"https:\\\/\\\/bilangatech.com\\\/wp-content\\\/uploads\\\/2025\\\/11\\\/african-man-harvesting-vegetables-1-scaled.webp\",\"datePublished\":\"2025-11-18T21:14:03+00:00\",\"dateModified\":\"2025-12-04T09:08:39+00:00\",\"breadcrumb\":{\"@id\":\"https:\\\/\\\/bilangatech.com\\\/our-products\\\/#breadcrumb\"},\"inLanguage\":\"fr-FR\",\"potentialAction\":[{\"@type\":\"ReadAction\",\"target\":[\"https:\\\/\\\/bilangatech.com\\\/our-products\\\/\"]}]},{\"@type\":\"ImageObject\",\"inLanguage\":\"fr-FR\",\"@id\":\"https:\\\/\\\/bilangatech.com\\\/our-products\\\/#primaryimage\",\"url\":\"https:\\\/\\\/bilangatech.com\\\/wp-content\\\/uploads\\\/2025\\\/11\\\/african-man-harvesting-vegetables-1-scaled.webp\",\"contentUrl\":\"https:\\\/\\\/bilangatech.com\\\/wp-content\\\/uploads\\\/2025\\\/11\\\/african-man-harvesting-vegetables-1-scaled.webp\",\"width\":2560,\"height\":1435},{\"@type\":\"BreadcrumbList\",\"@id\":\"https:\\\/\\\/bilangatech.com\\\/our-products\\\/#breadcrumb\",\"itemListElement\":[{\"@type\":\"ListItem\",\"position\":1,\"name\":\"Home\",\"item\":\"https:\\\/\\\/bilangatech.com\\\/\"},{\"@type\":\"ListItem\",\"position\":2,\"name\":\"Our Products\"}]},{\"@type\":\"WebSite\",\"@id\":\"https:\\\/\\\/bilangatech.com\\\/#website\",\"url\":\"https:\\\/\\\/bilangatech.com\\\/\",\"name\":\"BilangaTech Cd\",\"description\":\"Helping Farmers Do More With Less\",\"publisher\":{\"@id\":\"https:\\\/\\\/bilangatech.com\\\/#organization\"},\"alternateName\":\"Bilanga\",\"potentialAction\":[{\"@type\":\"SearchAction\",\"target\":{\"@type\":\"EntryPoint\",\"urlTemplate\":\"https:\\\/\\\/bilangatech.com\\\/?s={search_term_string}\"},\"query-input\":{\"@type\":\"PropertyValueSpecification\",\"valueRequired\":true,\"valueName\":\"search_term_string\"}}],\"inLanguage\":\"fr-FR\"},{\"@type\":\"Organization\",\"@id\":\"https:\\\/\\\/bilangatech.com\\\/#organization\",\"name\":\"BilangaTech Cd\",\"alternateName\":\"Bilanga Tech\",\"url\":\"https:\\\/\\\/bilangatech.com\\\/\",\"logo\":{\"@type\":\"ImageObject\",\"inLanguage\":\"fr-FR\",\"@id\":\"https:\\\/\\\/bilangatech.com\\\/#\\\/schema\\\/logo\\\/image\\\/\",\"url\":\"https:\\\/\\\/bilangatech.com\\\/wp-content\\\/uploads\\\/2025\\\/11\\\/2-BilangaTech-08-08.svg\",\"contentUrl\":\"https:\\\/\\\/bilangatech.com\\\/wp-content\\\/uploads\\\/2025\\\/11\\\/2-BilangaTech-08-08.svg\",\"width\":958,\"height\":242,\"caption\":\"BilangaTech Cd\"},\"image\":{\"@id\":\"https:\\\/\\\/bilangatech.com\\\/#\\\/schema\\\/logo\\\/image\\\/\"}}]}<\/script>\n<!-- \/ Yoast SEO plugin. -->","yoast_head_json":{"title":"Nos produits - CD BilangaTech","robots":{"index":"index","follow":"follow","max-snippet":"max-snippet:-1","max-image-preview":"max-image-preview:large","max-video-preview":"max-video-preview:-1"},"canonical":"https:\/\/bilangatech.com\/fr\/nos-produits\/","og_locale":"fr_FR","og_type":"article","og_title":"Our Products - BilangaTech Cd","og_description":"Explore BilangaTech\u2019s range of agritech products, from greenhouse kits and drip irrigation systems to solar water pumps, premium seedlings, and advanced sprinkler solutions. Our products are designed to boost yields, reduce costs, and support efficient, modern farming across Congo.","og_url":"https:\/\/bilangatech.com\/fr\/nos-produits\/","og_site_name":"BilangaTech Cd","article_modified_time":"2025-12-04T09:08:39+00:00","og_image":[{"width":2560,"height":1435,"url":"https:\/\/bilangatech.com\/wp-content\/uploads\/2025\/11\/african-man-harvesting-vegetables-1-scaled.webp","type":"image\/webp"}],"twitter_card":"summary_large_image","twitter_misc":{"Dur\u00e9e de lecture estim\u00e9e":"1 minute"},"schema":{"@context":"https:\/\/schema.org","@graph":[{"@type":"WebPage","@id":"https:\/\/bilangatech.com\/our-products\/","url":"https:\/\/bilangatech.com\/our-products\/","name":"Nos produits - CD BilangaTech","isPartOf":{"@id":"https:\/\/bilangatech.com\/#website"},"primaryImageOfPage":{"@id":"https:\/\/bilangatech.com\/our-products\/#primaryimage"},"image":{"@id":"https:\/\/bilangatech.com\/our-products\/#primaryimage"},"thumbnailUrl":"https:\/\/bilangatech.com\/wp-content\/uploads\/2025\/11\/african-man-harvesting-vegetables-1-scaled.webp","datePublished":"2025-11-18T21:14:03+00:00","dateModified":"2025-12-04T09:08:39+00:00","breadcrumb":{"@id":"https:\/\/bilangatech.com\/our-products\/#breadcrumb"},"inLanguage":"fr-FR","potentialAction":[{"@type":"ReadAction","target":["https:\/\/bilangatech.com\/our-products\/"]}]},{"@type":"ImageObject","inLanguage":"fr-FR","@id":"https:\/\/bilangatech.com\/our-products\/#primaryimage","url":"https:\/\/bilangatech.com\/wp-content\/uploads\/2025\/11\/african-man-harvesting-vegetables-1-scaled.webp","contentUrl":"https:\/\/bilangatech.com\/wp-content\/uploads\/2025\/11\/african-man-harvesting-vegetables-1-scaled.webp","width":2560,"height":1435},{"@type":"BreadcrumbList","@id":"https:\/\/bilangatech.com\/our-products\/#breadcrumb","itemListElement":[{"@type":"ListItem","position":1,"name":"Home","item":"https:\/\/bilangatech.com\/"},{"@type":"ListItem","position":2,"name":"Our Products"}]},{"@type":"WebSite","@id":"https:\/\/bilangatech.com\/#website","url":"https:\/\/bilangatech.com\/","name":"BilangaTech Cd","description":"Aider les agriculteurs \u00e0 faire plus avec moins","publisher":{"@id":"https:\/\/bilangatech.com\/#organization"},"alternateName":"Bilanga","potentialAction":[{"@type":"SearchAction","target":{"@type":"EntryPoint","urlTemplate":"https:\/\/bilangatech.com\/?s={search_term_string}"},"query-input":{"@type":"PropertyValueSpecification","valueRequired":true,"valueName":"search_term_string"}}],"inLanguage":"fr-FR"},{"@type":"Organization","@id":"https:\/\/bilangatech.com\/#organization","name":"BilangaTech Cd","alternateName":"Bilanga Tech","url":"https:\/\/bilangatech.com\/","logo":{"@type":"ImageObject","inLanguage":"fr-FR","@id":"https:\/\/bilangatech.com\/#\/schema\/logo\/image\/","url":"https:\/\/bilangatech.com\/wp-content\/uploads\/2025\/11\/2-BilangaTech-08-08.svg","contentUrl":"https:\/\/bilangatech.com\/wp-content\/uploads\/2025\/11\/2-BilangaTech-08-08.svg","width":958,"height":242,"caption":"BilangaTech Cd"},"image":{"@id":"https:\/\/bilangatech.com\/#\/schema\/logo\/image\/"}}]}},"_hostinger_reach_plugin_has_subscription_block":false,"_hostinger_reach_plugin_is_elementor":false,"_links":{"self":[{"href":"https:\/\/bilangatech.com\/fr\/wp-json\/wp\/v2\/pages\/4978","targetHints":{"allow":["GET"]}}],"collection":[{"href":"https:\/\/bilangatech.com\/fr\/wp-json\/wp\/v2\/pages"}],"about":[{"href":"https:\/\/bilangatech.com\/fr\/wp-json\/wp\/v2\/types\/page"}],"author":[{"embeddable":true,"href":"https:\/\/bilangatech.com\/fr\/wp-json\/wp\/v2\/users\/1"}],"replies":[{"embeddable":true,"href":"https:\/\/bilangatech.com\/fr\/wp-json\/wp\/v2\/comments?post=4978"}],"version-history":[{"count":31,"href":"https:\/\/bilangatech.com\/fr\/wp-json\/wp\/v2\/pages\/4978\/revisions"}],"predecessor-version":[{"id":5191,"href":"https:\/\/bilangatech.com\/fr\/wp-json\/wp\/v2\/pages\/4978\/revisions\/5191"}],"wp:featuredmedia":[{"embeddable":true,"href":"https:\/\/bilangatech.com\/fr\/wp-json\/wp\/v2\/media\/4979"}],"wp:attachment":[{"href":"https:\/\/bilangatech.com\/fr\/wp-json\/wp\/v2\/media?parent=4978"}],"curies":[{"name":"wp","href":"https:\/\/api.w.org\/{rel}","templated":true}]}}