{"id":4943,"date":"2025-11-18T20:41:48","date_gmt":"2025-11-18T20:41:48","guid":{"rendered":"https:\/\/bilangatech.com\/?page_id=4943"},"modified":"2025-12-04T11:39:02","modified_gmt":"2025-12-04T11:39:02","slug":"nos-services","status":"publish","type":"page","link":"https:\/\/bilangatech.com\/fr\/nos-services\/","title":{"rendered":"Nos services"},"content":{"rendered":"\t\t<div data-elementor-type=\"wp-page\" data-elementor-id=\"4943\" class=\"elementor elementor-4943\" data-elementor-post-type=\"page\">\n\t\t\t\t\t\t<section class=\"elementor-section elementor-top-section elementor-element elementor-element-4a76caa elementor-section-height-min-height elementor-section-items-stretch elementor-section-boxed elementor-section-height-default\" data-id=\"4a76caa\" data-element_type=\"section\" data-e-type=\"section\" data-settings=\"{&quot;background_background&quot;:&quot;classic&quot;}\">\n\t\t\t\t\t\t<div class=\"elementor-container elementor-column-gap-wide\">\n\t\t\t\t\t<div class=\"elementor-column elementor-col-50 elementor-top-column elementor-element elementor-element-3654f56\" data-id=\"3654f56\" data-element_type=\"column\" data-e-type=\"column\" data-settings=\"{&quot;background_background&quot;:&quot;classic&quot;,&quot;background_motion_fx_motion_fx_scrolling&quot;:&quot;yes&quot;,&quot;background_motion_fx_scale_effect&quot;:&quot;yes&quot;,&quot;background_motion_fx_scale_direction&quot;:&quot;in-out&quot;,&quot;background_motion_fx_scale_range&quot;:{&quot;unit&quot;:&quot;%&quot;,&quot;size&quot;:&quot;&quot;,&quot;sizes&quot;:{&quot;start&quot;:0,&quot;end&quot;:100}},&quot;motion_fx_motion_fx_scrolling&quot;:&quot;yes&quot;,&quot;background_motion_fx_scale_speed&quot;:{&quot;unit&quot;:&quot;px&quot;,&quot;size&quot;:3,&quot;sizes&quot;:[]},&quot;background_motion_fx_devices&quot;:[&quot;desktop&quot;,&quot;tablet&quot;,&quot;mobile&quot;],&quot;motion_fx_devices&quot;:[&quot;desktop&quot;,&quot;tablet&quot;,&quot;mobile&quot;]}\">\n\t\t\t<div class=\"elementor-widget-wrap elementor-element-populated\">\n\t\t\t\t\t\t<div class=\"elementor-element elementor-element-e7e3c73 elementor-cta--skin-cover elementor-widget elementor-widget-call-to-action\" data-id=\"e7e3c73\" data-element_type=\"widget\" data-e-type=\"widget\" data-widget_type=\"call-to-action.default\">\n\t\t\t\t\t\t\t<a class=\"elementor-cta\" href=\"\/greenhouse-construction\/\">\n\t\t\t\t\t<div class=\"elementor-cta__bg-wrapper\">\n\t\t\t\t<div class=\"elementor-cta__bg elementor-bg\" style=\"background-image: url(https:\/\/bilangatech.com\/wp-content\/uploads\/2025\/11\/2149894664.webp);\" role=\"img\" aria-label=\"2149894664\"><\/div>\n\t\t\t\t<div class=\"elementor-cta__bg-overlay\"><\/div>\n\t\t\t<\/div>\n\t\t\t\t\t\t\t<div class=\"elementor-cta__content\">\n\t\t\t\t\n\t\t\t\t\t\t\t\t\t<h2 class=\"elementor-cta__title elementor-cta__content-item elementor-content-item\">\n\t\t\t\t\t\tGreenhouse Construction\t\t\t\t\t<\/h2>\n\t\t\t\t\n\t\t\t\t\t\t\t\t\t<div class=\"elementor-cta__description elementor-cta__content-item elementor-content-item\">\n\t\t\t\t\t\tWe design and build durable greenhouse structures that protect crops, improve growth conditions, and allow farmers to achieve higher, more stable yields in any season.\t\t\t\t\t<\/div>\n\t\t\t\t\n\t\t\t\t\t\t\t\t\t<div class=\"elementor-cta__button-wrapper elementor-cta__content-item elementor-content-item \">\n\t\t\t\t\t<span class=\"elementor-cta__button elementor-button elementor-size-\">\n\t\t\t\t\t\tLearn More\t\t\t\t\t<\/span>\n\t\t\t\t\t<\/div>\n\t\t\t\t\t\t\t<\/div>\n\t\t\t\t\t\t<\/a>\n\t\t\t\t\t\t<\/div>\n\t\t\t\t\t<\/div>\n\t\t<\/div>\n\t\t\t\t<div class=\"elementor-column elementor-col-50 elementor-top-column elementor-element elementor-element-e045a86\" data-id=\"e045a86\" data-element_type=\"column\" data-e-type=\"column\" data-settings=\"{&quot;background_background&quot;:&quot;classic&quot;,&quot;background_motion_fx_motion_fx_scrolling&quot;:&quot;yes&quot;,&quot;background_motion_fx_translateX_effect&quot;:&quot;yes&quot;,&quot;background_motion_fx_translateX_speed&quot;:{&quot;unit&quot;:&quot;px&quot;,&quot;size&quot;:3,&quot;sizes&quot;:[]},&quot;background_motion_fx_translateX_affectedRange&quot;:{&quot;unit&quot;:&quot;%&quot;,&quot;size&quot;:&quot;&quot;,&quot;sizes&quot;:{&quot;start&quot;:0,&quot;end&quot;:100}},&quot;background_motion_fx_devices&quot;:[&quot;desktop&quot;,&quot;tablet&quot;,&quot;mobile&quot;]}\">\n\t\t\t<div class=\"elementor-widget-wrap elementor-element-populated\">\n\t\t\t\t\t\t<div class=\"elementor-element elementor-element-2fc5025 elementor-cta--skin-cover elementor-widget elementor-widget-call-to-action\" data-id=\"2fc5025\" data-element_type=\"widget\" data-e-type=\"widget\" data-widget_type=\"call-to-action.default\">\n\t\t\t\t\t\t\t<a class=\"elementor-cta\" href=\"\/solar-powered-farming-solutions-in-congo\/\">\n\t\t\t\t\t<div class=\"elementor-cta__bg-wrapper\">\n\t\t\t\t<div class=\"elementor-cta__bg elementor-bg\" style=\"background-image: url(https:\/\/bilangatech.com\/wp-content\/uploads\/2025\/11\/Solar-Irrigation-main.webp);\" role=\"img\" aria-label=\"Solar-Irrigation-main\"><\/div>\n\t\t\t\t<div class=\"elementor-cta__bg-overlay\"><\/div>\n\t\t\t<\/div>\n\t\t\t\t\t\t\t<div class=\"elementor-cta__content\">\n\t\t\t\t\n\t\t\t\t\t\t\t\t\t<h2 class=\"elementor-cta__title elementor-cta__content-item elementor-content-item\">\n\t\t\t\t\t\tSolar-Powered Farming Solutions\t\t\t\t\t<\/h2>\n\t\t\t\t\n\t\t\t\t\t\t\t\t\t<div class=\"elementor-cta__description elementor-cta__content-item elementor-content-item\">\n\t\t\t\t\t\t\nWe integrate solar energy to power pumps, lighting and small processing equipment.\t\t\t\t\t<\/div>\n\t\t\t\t\n\t\t\t\t\t\t\t\t\t<div class=\"elementor-cta__button-wrapper elementor-cta__content-item elementor-content-item \">\n\t\t\t\t\t<span class=\"elementor-cta__button elementor-button elementor-size-\">\n\t\t\t\t\t\tLearn More\t\t\t\t\t<\/span>\n\t\t\t\t\t<\/div>\n\t\t\t\t\t\t\t<\/div>\n\t\t\t\t\t\t<\/a>\n\t\t\t\t\t\t<\/div>\n\t\t\t\t\t<\/div>\n\t\t<\/div>\n\t\t\t\t\t<\/div>\n\t\t<\/section>\n\t\t\t\t<section class=\"elementor-section elementor-top-section elementor-element elementor-element-4e6ccb1 elementor-section-height-min-height elementor-section-items-stretch elementor-section-boxed elementor-section-height-default\" data-id=\"4e6ccb1\" data-element_type=\"section\" data-e-type=\"section\" data-settings=\"{&quot;background_background&quot;:&quot;classic&quot;}\">\n\t\t\t\t\t\t<div class=\"elementor-container elementor-column-gap-wide\">\n\t\t\t\t\t<div class=\"elementor-column elementor-col-50 elementor-top-column elementor-element elementor-element-8a9bef4\" data-id=\"8a9bef4\" data-element_type=\"column\" data-e-type=\"column\" data-settings=\"{&quot;background_background&quot;:&quot;classic&quot;,&quot;background_motion_fx_motion_fx_scrolling&quot;:&quot;yes&quot;,&quot;background_motion_fx_scale_effect&quot;:&quot;yes&quot;,&quot;background_motion_fx_scale_direction&quot;:&quot;in-out&quot;,&quot;background_motion_fx_scale_range&quot;:{&quot;unit&quot;:&quot;%&quot;,&quot;size&quot;:&quot;&quot;,&quot;sizes&quot;:{&quot;start&quot;:0,&quot;end&quot;:100}},&quot;motion_fx_motion_fx_scrolling&quot;:&quot;yes&quot;,&quot;background_motion_fx_scale_speed&quot;:{&quot;unit&quot;:&quot;px&quot;,&quot;size&quot;:3,&quot;sizes&quot;:[]},&quot;background_motion_fx_devices&quot;:[&quot;desktop&quot;,&quot;tablet&quot;,&quot;mobile&quot;],&quot;motion_fx_devices&quot;:[&quot;desktop&quot;,&quot;tablet&quot;,&quot;mobile&quot;]}\">\n\t\t\t<div class=\"elementor-widget-wrap elementor-element-populated\">\n\t\t\t\t\t\t<div class=\"elementor-element elementor-element-284379d elementor-cta--skin-cover elementor-widget elementor-widget-call-to-action\" data-id=\"284379d\" data-element_type=\"widget\" data-e-type=\"widget\" data-widget_type=\"call-to-action.default\">\n\t\t\t\t\t\t\t<a class=\"elementor-cta\" href=\"\/training-technical-support\/\">\n\t\t\t\t\t<div class=\"elementor-cta__bg-wrapper\">\n\t\t\t\t<div class=\"elementor-cta__bg elementor-bg\" style=\"background-image: url(https:\/\/bilangatech.com\/wp-content\/uploads\/2025\/11\/project4.jpg);\" role=\"img\" aria-label=\"project4\"><\/div>\n\t\t\t\t<div class=\"elementor-cta__bg-overlay\"><\/div>\n\t\t\t<\/div>\n\t\t\t\t\t\t\t<div class=\"elementor-cta__content\">\n\t\t\t\t\n\t\t\t\t\t\t\t\t\t<h2 class=\"elementor-cta__title elementor-cta__content-item elementor-content-item\">\n\t\t\t\t\t\tTraining &amp; Support\t\t\t\t\t<\/h2>\n\t\t\t\t\n\t\t\t\t\t\t\t\t\t<div class=\"elementor-cta__description elementor-cta__content-item elementor-content-item\">\n\t\t\t\t\t\tOur training programs equip farmers and youth with hands-on skills in modern cultivation, greenhouse management, irrigation operation and post-harvest handling.\t\t\t\t\t<\/div>\n\t\t\t\t\n\t\t\t\t\t\t\t\t\t<div class=\"elementor-cta__button-wrapper elementor-cta__content-item elementor-content-item \">\n\t\t\t\t\t<span class=\"elementor-cta__button elementor-button elementor-size-\">\n\t\t\t\t\t\tLearn More\t\t\t\t\t<\/span>\n\t\t\t\t\t<\/div>\n\t\t\t\t\t\t\t<\/div>\n\t\t\t\t\t\t<\/a>\n\t\t\t\t\t\t<\/div>\n\t\t\t\t\t<\/div>\n\t\t<\/div>\n\t\t\t\t<div class=\"elementor-column elementor-col-50 elementor-top-column elementor-element elementor-element-fd827eb\" data-id=\"fd827eb\" data-element_type=\"column\" data-e-type=\"column\" data-settings=\"{&quot;background_background&quot;:&quot;classic&quot;,&quot;background_motion_fx_motion_fx_scrolling&quot;:&quot;yes&quot;,&quot;background_motion_fx_translateX_effect&quot;:&quot;yes&quot;,&quot;background_motion_fx_translateX_speed&quot;:{&quot;unit&quot;:&quot;px&quot;,&quot;size&quot;:3,&quot;sizes&quot;:[]},&quot;background_motion_fx_translateX_affectedRange&quot;:{&quot;unit&quot;:&quot;%&quot;,&quot;size&quot;:&quot;&quot;,&quot;sizes&quot;:{&quot;start&quot;:0,&quot;end&quot;:100}},&quot;background_motion_fx_devices&quot;:[&quot;desktop&quot;,&quot;tablet&quot;,&quot;mobile&quot;]}\">\n\t\t\t<div class=\"elementor-widget-wrap elementor-element-populated\">\n\t\t\t\t\t\t<div class=\"elementor-element elementor-element-a9a68af elementor-cta--skin-cover elementor-widget elementor-widget-call-to-action\" data-id=\"a9a68af\" data-element_type=\"widget\" data-e-type=\"widget\" data-widget_type=\"call-to-action.default\">\n\t\t\t\t\t\t\t<a class=\"elementor-cta\" href=\"\/irrigation-systems-for-farmers-in-congo\/\">\n\t\t\t\t\t<div class=\"elementor-cta__bg-wrapper\">\n\t\t\t\t<div class=\"elementor-cta__bg elementor-bg\" style=\"background-image: url(https:\/\/bilangatech.com\/wp-content\/uploads\/2025\/11\/project7.jpg);\" role=\"img\" aria-label=\"project7\"><\/div>\n\t\t\t\t<div class=\"elementor-cta__bg-overlay\"><\/div>\n\t\t\t<\/div>\n\t\t\t\t\t\t\t<div class=\"elementor-cta__content\">\n\t\t\t\t\n\t\t\t\t\t\t\t\t\t<h2 class=\"elementor-cta__title elementor-cta__content-item elementor-content-item\">\n\t\t\t\t\t\tIrrigation Systems\t\t\t\t\t<\/h2>\n\t\t\t\t\n\t\t\t\t\t\t\t\t\t<div class=\"elementor-cta__description elementor-cta__content-item elementor-content-item\">\n\t\t\t\t\t\t\nBilangaTech provides efficient irrigation solutions that ensure consistent water supply, reduce losses, and enable farmers to produce high-quality crops throughout the year.\t\t\t\t\t<\/div>\n\t\t\t\t\n\t\t\t\t\t\t\t\t\t<div class=\"elementor-cta__button-wrapper elementor-cta__content-item elementor-content-item \">\n\t\t\t\t\t<span class=\"elementor-cta__button elementor-button elementor-size-\">\n\t\t\t\t\t\tLearn More\t\t\t\t\t<\/span>\n\t\t\t\t\t<\/div>\n\t\t\t\t\t\t\t<\/div>\n\t\t\t\t\t\t<\/a>\n\t\t\t\t\t\t<\/div>\n\t\t\t\t\t<\/div>\n\t\t<\/div>\n\t\t\t\t\t<\/div>\n\t\t<\/section>\n\t\t<div class=\"elementor-element elementor-element-60bb03a e-flex e-con-boxed e-con e-parent\" data-id=\"60bb03a\" data-element_type=\"container\" data-e-type=\"container\">\n\t\t\t\t\t<div class=\"e-con-inner\">\n\t\t\t\t<div class=\"elementor-element elementor-element-9d264e8 elementor-widget elementor-widget-spacer\" data-id=\"9d264e8\" data-element_type=\"widget\" data-e-type=\"widget\" data-widget_type=\"spacer.default\">\n\t\t\t\t\t\t\t<div class=\"elementor-spacer\">\n\t\t\t<div class=\"elementor-spacer-inner\"><\/div>\n\t\t<\/div>\n\t\t\t\t\t\t<\/div>\n\t\t\t\t\t<\/div>\n\t\t\t\t<\/div>\n\t\t\t\t<\/div>\n\t\t","protected":false},"excerpt":{"rendered":"<p>BilangaTech propose des services agricoles modernes au Congo, notamment l&#039;installation de syst\u00e8mes d&#039;irrigation, la construction de serres, des syst\u00e8mes agricoles solaires et la formation pratique des agriculteurs. Nous les aidons \u00e0 accro\u00eetre leur productivit\u00e9, \u00e0 \u00e9conomiser les ressources et \u00e0 adopter des m\u00e9thodes agricoles fiables et durables, adapt\u00e9es aux conditions locales.<\/p>","protected":false},"author":1,"featured_media":4944,"parent":0,"menu_order":0,"comment_status":"closed","ping_status":"closed","template":"","meta":{"footnotes":""},"class_list":["post-4943","page","type-page","status-publish","has-post-thumbnail","hentry"],"yoast_head":"<!-- This site is optimized with the Yoast SEO plugin v27.4 - https:\/\/yoast.com\/product\/yoast-seo-wordpress\/ -->\n<title>Our Services - BilangaTech Cd<\/title>\n<meta name=\"robots\" content=\"index, follow, max-snippet:-1, max-image-preview:large, max-video-preview:-1\" \/>\n<link rel=\"canonical\" href=\"https:\/\/bilangatech.com\/fr\/nos-services\/\" \/>\n<meta property=\"og:locale\" content=\"fr_FR\" \/>\n<meta property=\"og:type\" content=\"article\" \/>\n<meta property=\"og:title\" content=\"Our Services - BilangaTech Cd\" \/>\n<meta property=\"og:description\" content=\"BilangaTech provides modern agricultural services in Congo, including irrigation installation, greenhouse construction, solar-powered farm systems, and hands-on farmer training. We help farmers increase productivity, save resources, and adopt reliable, sustainable farming methods tailored to local conditions.\" \/>\n<meta property=\"og:url\" content=\"https:\/\/bilangatech.com\/fr\/nos-services\/\" \/>\n<meta property=\"og:site_name\" content=\"BilangaTech Cd\" \/>\n<meta property=\"article:modified_time\" content=\"2025-12-04T11:39:02+00:00\" \/>\n<meta property=\"og:image\" content=\"https:\/\/bilangatech.com\/wp-content\/uploads\/2025\/11\/side-view-woman-taking-care-plants-scaled.webp\" \/>\n\t<meta property=\"og:image:width\" content=\"2560\" \/>\n\t<meta property=\"og:image:height\" content=\"1555\" \/>\n\t<meta property=\"og:image:type\" content=\"image\/webp\" \/>\n<meta name=\"twitter:card\" content=\"summary_large_image\" \/>\n<meta name=\"twitter:label1\" content=\"Dur\u00e9e de lecture estim\u00e9e\" \/>\n\t<meta name=\"twitter:data1\" content=\"1 minute\" \/>\n<script type=\"application\/ld+json\" class=\"yoast-schema-graph\">{\"@context\":\"https:\\\/\\\/schema.org\",\"@graph\":[{\"@type\":\"WebPage\",\"@id\":\"https:\\\/\\\/bilangatech.com\\\/our-services\\\/\",\"url\":\"https:\\\/\\\/bilangatech.com\\\/our-services\\\/\",\"name\":\"Our Services - BilangaTech Cd\",\"isPartOf\":{\"@id\":\"https:\\\/\\\/bilangatech.com\\\/#website\"},\"primaryImageOfPage\":{\"@id\":\"https:\\\/\\\/bilangatech.com\\\/our-services\\\/#primaryimage\"},\"image\":{\"@id\":\"https:\\\/\\\/bilangatech.com\\\/our-services\\\/#primaryimage\"},\"thumbnailUrl\":\"https:\\\/\\\/bilangatech.com\\\/wp-content\\\/uploads\\\/2025\\\/11\\\/side-view-woman-taking-care-plants-scaled.webp\",\"datePublished\":\"2025-11-18T20:41:48+00:00\",\"dateModified\":\"2025-12-04T11:39:02+00:00\",\"breadcrumb\":{\"@id\":\"https:\\\/\\\/bilangatech.com\\\/our-services\\\/#breadcrumb\"},\"inLanguage\":\"fr-FR\",\"potentialAction\":[{\"@type\":\"ReadAction\",\"target\":[\"https:\\\/\\\/bilangatech.com\\\/our-services\\\/\"]}]},{\"@type\":\"ImageObject\",\"inLanguage\":\"fr-FR\",\"@id\":\"https:\\\/\\\/bilangatech.com\\\/our-services\\\/#primaryimage\",\"url\":\"https:\\\/\\\/bilangatech.com\\\/wp-content\\\/uploads\\\/2025\\\/11\\\/side-view-woman-taking-care-plants-scaled.webp\",\"contentUrl\":\"https:\\\/\\\/bilangatech.com\\\/wp-content\\\/uploads\\\/2025\\\/11\\\/side-view-woman-taking-care-plants-scaled.webp\",\"width\":2560,\"height\":1555},{\"@type\":\"BreadcrumbList\",\"@id\":\"https:\\\/\\\/bilangatech.com\\\/our-services\\\/#breadcrumb\",\"itemListElement\":[{\"@type\":\"ListItem\",\"position\":1,\"name\":\"Home\",\"item\":\"https:\\\/\\\/bilangatech.com\\\/\"},{\"@type\":\"ListItem\",\"position\":2,\"name\":\"Our Services\"}]},{\"@type\":\"WebSite\",\"@id\":\"https:\\\/\\\/bilangatech.com\\\/#website\",\"url\":\"https:\\\/\\\/bilangatech.com\\\/\",\"name\":\"BilangaTech Cd\",\"description\":\"Helping Farmers Do More With Less\",\"publisher\":{\"@id\":\"https:\\\/\\\/bilangatech.com\\\/#organization\"},\"alternateName\":\"Bilanga\",\"potentialAction\":[{\"@type\":\"SearchAction\",\"target\":{\"@type\":\"EntryPoint\",\"urlTemplate\":\"https:\\\/\\\/bilangatech.com\\\/?s={search_term_string}\"},\"query-input\":{\"@type\":\"PropertyValueSpecification\",\"valueRequired\":true,\"valueName\":\"search_term_string\"}}],\"inLanguage\":\"fr-FR\"},{\"@type\":\"Organization\",\"@id\":\"https:\\\/\\\/bilangatech.com\\\/#organization\",\"name\":\"BilangaTech Cd\",\"alternateName\":\"Bilanga Tech\",\"url\":\"https:\\\/\\\/bilangatech.com\\\/\",\"logo\":{\"@type\":\"ImageObject\",\"inLanguage\":\"fr-FR\",\"@id\":\"https:\\\/\\\/bilangatech.com\\\/#\\\/schema\\\/logo\\\/image\\\/\",\"url\":\"https:\\\/\\\/bilangatech.com\\\/wp-content\\\/uploads\\\/2025\\\/11\\\/2-BilangaTech-08-08.svg\",\"contentUrl\":\"https:\\\/\\\/bilangatech.com\\\/wp-content\\\/uploads\\\/2025\\\/11\\\/2-BilangaTech-08-08.svg\",\"width\":958,\"height\":242,\"caption\":\"BilangaTech Cd\"},\"image\":{\"@id\":\"https:\\\/\\\/bilangatech.com\\\/#\\\/schema\\\/logo\\\/image\\\/\"}}]}<\/script>\n<!-- \/ Yoast SEO plugin. -->","yoast_head_json":{"title":"Nos services - BilangaTech CD","robots":{"index":"index","follow":"follow","max-snippet":"max-snippet:-1","max-image-preview":"max-image-preview:large","max-video-preview":"max-video-preview:-1"},"canonical":"https:\/\/bilangatech.com\/fr\/nos-services\/","og_locale":"fr_FR","og_type":"article","og_title":"Our Services - BilangaTech Cd","og_description":"BilangaTech provides modern agricultural services in Congo, including irrigation installation, greenhouse construction, solar-powered farm systems, and hands-on farmer training. We help farmers increase productivity, save resources, and adopt reliable, sustainable farming methods tailored to local conditions.","og_url":"https:\/\/bilangatech.com\/fr\/nos-services\/","og_site_name":"BilangaTech Cd","article_modified_time":"2025-12-04T11:39:02+00:00","og_image":[{"width":2560,"height":1555,"url":"https:\/\/bilangatech.com\/wp-content\/uploads\/2025\/11\/side-view-woman-taking-care-plants-scaled.webp","type":"image\/webp"}],"twitter_card":"summary_large_image","twitter_misc":{"Dur\u00e9e de lecture estim\u00e9e":"1 minute"},"schema":{"@context":"https:\/\/schema.org","@graph":[{"@type":"WebPage","@id":"https:\/\/bilangatech.com\/our-services\/","url":"https:\/\/bilangatech.com\/our-services\/","name":"Nos services - BilangaTech CD","isPartOf":{"@id":"https:\/\/bilangatech.com\/#website"},"primaryImageOfPage":{"@id":"https:\/\/bilangatech.com\/our-services\/#primaryimage"},"image":{"@id":"https:\/\/bilangatech.com\/our-services\/#primaryimage"},"thumbnailUrl":"https:\/\/bilangatech.com\/wp-content\/uploads\/2025\/11\/side-view-woman-taking-care-plants-scaled.webp","datePublished":"2025-11-18T20:41:48+00:00","dateModified":"2025-12-04T11:39:02+00:00","breadcrumb":{"@id":"https:\/\/bilangatech.com\/our-services\/#breadcrumb"},"inLanguage":"fr-FR","potentialAction":[{"@type":"ReadAction","target":["https:\/\/bilangatech.com\/our-services\/"]}]},{"@type":"ImageObject","inLanguage":"fr-FR","@id":"https:\/\/bilangatech.com\/our-services\/#primaryimage","url":"https:\/\/bilangatech.com\/wp-content\/uploads\/2025\/11\/side-view-woman-taking-care-plants-scaled.webp","contentUrl":"https:\/\/bilangatech.com\/wp-content\/uploads\/2025\/11\/side-view-woman-taking-care-plants-scaled.webp","width":2560,"height":1555},{"@type":"BreadcrumbList","@id":"https:\/\/bilangatech.com\/our-services\/#breadcrumb","itemListElement":[{"@type":"ListItem","position":1,"name":"Home","item":"https:\/\/bilangatech.com\/"},{"@type":"ListItem","position":2,"name":"Our Services"}]},{"@type":"WebSite","@id":"https:\/\/bilangatech.com\/#website","url":"https:\/\/bilangatech.com\/","name":"BilangaTech Cd","description":"Aider les agriculteurs \u00e0 faire plus avec moins","publisher":{"@id":"https:\/\/bilangatech.com\/#organization"},"alternateName":"Bilanga","potentialAction":[{"@type":"SearchAction","target":{"@type":"EntryPoint","urlTemplate":"https:\/\/bilangatech.com\/?s={search_term_string}"},"query-input":{"@type":"PropertyValueSpecification","valueRequired":true,"valueName":"search_term_string"}}],"inLanguage":"fr-FR"},{"@type":"Organization","@id":"https:\/\/bilangatech.com\/#organization","name":"BilangaTech Cd","alternateName":"Bilanga Tech","url":"https:\/\/bilangatech.com\/","logo":{"@type":"ImageObject","inLanguage":"fr-FR","@id":"https:\/\/bilangatech.com\/#\/schema\/logo\/image\/","url":"https:\/\/bilangatech.com\/wp-content\/uploads\/2025\/11\/2-BilangaTech-08-08.svg","contentUrl":"https:\/\/bilangatech.com\/wp-content\/uploads\/2025\/11\/2-BilangaTech-08-08.svg","width":958,"height":242,"caption":"BilangaTech Cd"},"image":{"@id":"https:\/\/bilangatech.com\/#\/schema\/logo\/image\/"}}]}},"_hostinger_reach_plugin_has_subscription_block":false,"_hostinger_reach_plugin_is_elementor":false,"_links":{"self":[{"href":"https:\/\/bilangatech.com\/fr\/wp-json\/wp\/v2\/pages\/4943","targetHints":{"allow":["GET"]}}],"collection":[{"href":"https:\/\/bilangatech.com\/fr\/wp-json\/wp\/v2\/pages"}],"about":[{"href":"https:\/\/bilangatech.com\/fr\/wp-json\/wp\/v2\/types\/page"}],"author":[{"embeddable":true,"href":"https:\/\/bilangatech.com\/fr\/wp-json\/wp\/v2\/users\/1"}],"replies":[{"embeddable":true,"href":"https:\/\/bilangatech.com\/fr\/wp-json\/wp\/v2\/comments?post=4943"}],"version-history":[{"count":34,"href":"https:\/\/bilangatech.com\/fr\/wp-json\/wp\/v2\/pages\/4943\/revisions"}],"predecessor-version":[{"id":5216,"href":"https:\/\/bilangatech.com\/fr\/wp-json\/wp\/v2\/pages\/4943\/revisions\/5216"}],"wp:featuredmedia":[{"embeddable":true,"href":"https:\/\/bilangatech.com\/fr\/wp-json\/wp\/v2\/media\/4944"}],"wp:attachment":[{"href":"https:\/\/bilangatech.com\/fr\/wp-json\/wp\/v2\/media?parent=4943"}],"curies":[{"name":"wp","href":"https:\/\/api.w.org\/{rel}","templated":true}]}}